{"id":1459,"date":"2021-05-27T11:51:50","date_gmt":"2021-05-27T11:51:50","guid":{"rendered":"http:\/\/ancaclinic.com\/?page_id=1459"},"modified":"2025-12-22T16:35:54","modified_gmt":"2025-12-22T16:35:54","slug":"notre-clinique","status":"publish","type":"page","link":"https:\/\/ancaclinic.com\/fr\/notre-clinique\/","title":{"rendered":"Notre clinique"},"content":{"rendered":"<div class=\"pixcode  pixcode--tabs\">\n\t<ul class=\"pixcode--tabs__nav  tabs__nav  nav  nav-tabs\">\n\t\t\t\t\t\t<li>\n\t\t\t\t\t<a href=\"#ui-tab-069dad3c085494\" class=\"current\" data-toggle=\"tab\">Gand<\/a>\t\t\t\t<\/li>\n\t\t\t\t\t\t\t\t<li>\n\t\t\t\t\t<a href=\"#ui-tab-169dad3c085497\" class=\"\" data-toggle=\"tab\">Knokke<\/a>\t\t\t\t<\/li>\n\t\t\t\t\t\t\t\t<li>\n\t\t\t\t\t<a href=\"#ui-tab-269dad3c085498\" class=\"\" data-toggle=\"tab\"><\/a>\t\t\t\t<\/li>\n\t\t\t\t\t<\/ul>\n\t<div class=\"pixcode--tabs__content  tabs__content\">\n\t\t\t\t\t\t<div class=\"tabs__pane \" id=\"ui-tab-069dad3c085494\">\n\t\t\t\t\t\n\t<div class=\"pixcode  pixcode--grid  grid\">\n\t\t\t<div class=\"grid__item four-twelfths palm-one-whole\">\n\t\t\n<h3 style=\"text-align: center\">CONSULTATIONS<\/h3>\n<p style=\"text-align: center\">Consultations ont lieu \u00e0 Sint-Martens-Latem, pr\u00e8s de Gand.<\/p>\n<p style=\"text-align: center\"><a href=\"https:\/\/progenda.be\/calendars\/dokter-kliniek-anca-sint-martens-latem\/availabilities\">Prenez un rendez-vous.<\/a><\/p>\n\t<\/div>\n\n\t<div class=\"grid__item four-twelfths palm-one-whole\">\n\t\t\n<h3 style=\"text-align: center\">OP\u00c9RATIOns<\/h3>\n<p style=\"text-align: center\">Op\u00e9rations ont lieu \u00e0 l&#8217;h\u00f4pital AZ Jan-Palfijn \u00e0 Gand.<\/p>\n\t<\/div>\n\n\t<div class=\"grid__item four-twelfths palm-one-whole\">\n\t\t<img loading=\"lazy\" decoding=\"async\" class=\"alignnone wp-image-938 size-large\" src=\"http:\/\/ancaclinic.com\/wp-content\/uploads\/2021\/03\/1544519842253-e1616243541865-1024x652.jpeg\" alt=\"\" width=\"960\" height=\"611\" srcset=\"https:\/\/ancaclinic.com\/wp-content\/uploads\/2021\/03\/1544519842253-e1616243541865-1024x652.jpeg 1024w, https:\/\/ancaclinic.com\/wp-content\/uploads\/2021\/03\/1544519842253-e1616243541865-300x191.jpeg 300w, https:\/\/ancaclinic.com\/wp-content\/uploads\/2021\/03\/1544519842253-e1616243541865-768x489.jpeg 768w, https:\/\/ancaclinic.com\/wp-content\/uploads\/2021\/03\/1544519842253-e1616243541865-1536x979.jpeg 1536w, https:\/\/ancaclinic.com\/wp-content\/uploads\/2021\/03\/1544519842253-e1616243541865-1200x765.jpeg 1200w, https:\/\/ancaclinic.com\/wp-content\/uploads\/2021\/03\/1544519842253-e1616243541865-900x573.jpeg 900w, https:\/\/ancaclinic.com\/wp-content\/uploads\/2021\/03\/1544519842253-e1616243541865-400x255.jpeg 400w, https:\/\/ancaclinic.com\/wp-content\/uploads\/2021\/03\/1544519842253-e1616243541865.jpeg 1772w\" sizes=\"auto, (max-width: 960px) 100vw, 960px\" \/><\/p>\n\t<\/div>\n\t<\/div>\n\t<div class=\"pixcode  pixcode--grid  grid\">\n\t\t\t<div class=\"grid__item four-twelfths palm-one-whole\">\n\t\t<div class=\"promo-box__container\">\n<h4 style=\"text-align: center\">ADRESse<\/h4>\n<p style=\"text-align: center\">ANCA Medisch Centrum<br \/>\nKortrijksesteenweg 186 bus 1<br \/>\n9830 Sint-Martens-Latem<br \/>\n+32(0)92525903<\/p>\n<\/div>\t<\/div>\n\t<div class=\"grid__item four-twelfths palm-one-whole\">\n\t\t<div class=\"promo-box__container\">\n<h4 style=\"text-align: center\">ADRESse<\/h4>\n<p style=\"text-align: center\">Jan Palfijn ziekenhuis Gent<br \/>\nWatersportlaan 5<br \/>\n9000 Gent<br \/>\n+32(0)92247111<\/p>\n<\/div>\t<\/div>\n\n<h3 style=\"text-align: center\">transport public<\/h3>\n<p style=\"text-align: center\">Nr. 09 Mariakerke-Gentbrugge Groeningewijk<br \/>\nNr. 38 Oostakker Krijte-Gent Blaarmeersen<br \/>\nNr. 14 Gent-Drongen-Deinze<br \/>\nNr. 15 Gent-Drongen-Nevele-Tielt<br \/>\nNr. 65 Gent Handelsmarkt-Zomergem-Ursel<\/p>\n\t<\/div>\n\n\t\t\t\t<\/div>\n\t\t\t\t\t\t\t\t<div class=\"tabs__pane hide\" id=\"ui-tab-169dad3c085497\">\n\t\t\t\t\t\n\t<div class=\"pixcode  pixcode--grid  grid\">\n\t\t\n\t<div class=\"grid__item four-twelfths palm-one-whole\">\n\t\t\n<h3 style=\"text-align: center\">OP\u00c9RATIONS<br \/>\n<\/h3>\n<p style=\"text-align: center\">Op\u00e9rations \u00e0 Knokke ont lieu \u00e0 l\u2019h\u00f4pital AZ Zeno.<\/p>\n\t<\/div>\n\t<div class=\"grid__item four-twelfths palm-one-whole\">\n\t\t\n&nbsp;<\/p>\n<p><img loading=\"lazy\" decoding=\"async\" class=\"aligncenter wp-image-1872 size-full\" src=\"http:\/\/ancaclinic.com\/wp-content\/uploads\/2021\/11\/deafb1fa-5732-4e17-adb1-a012dc6d8231.jpeg\" alt=\"\" width=\"512\" height=\"256\" srcset=\"https:\/\/ancaclinic.com\/wp-content\/uploads\/2021\/11\/deafb1fa-5732-4e17-adb1-a012dc6d8231.jpeg 512w, https:\/\/ancaclinic.com\/wp-content\/uploads\/2021\/11\/deafb1fa-5732-4e17-adb1-a012dc6d8231-300x150.jpeg 300w, https:\/\/ancaclinic.com\/wp-content\/uploads\/2021\/11\/deafb1fa-5732-4e17-adb1-a012dc6d8231-400x200.jpeg 400w\" sizes=\"auto, (max-width: 512px) 100vw, 512px\" \/><\/p>\n\t<\/div>\n\t<div class=\"simple grid__item four-twelfths palm-one-whole\">\n\t\t\n<h3 style=\"text-align: center\"> CONSULTATIONS <\/h3>\n<p style=\"text-align: center\">Le jeudi apr\u00e8s-midi, nous recevons des patients \u00e0 l&#8217;h\u00f4pital AZ Zeno. Votre premi\u00e8re consultation sera assur\u00e9e par le <a href=\"https:\/\/azzeno.be\/patient\/onze-artsen\/dr-van-quickenborne-damien\" rel=\"noopener\" target=\"_blank\">Dr. Van Quickenborne<\/a> (aussi pour les patients du <a href=\"https:\/\/azzeno.be\/patient\/onze-artsen\/dr-de-smet-koen\" rel=\"noopener\" target=\"_blank\">Dr. De Smet<\/a> et du Dr. De Loore).<\/p>\n\t<\/div>\n\t<\/div>\n\n\t<div class=\"pixcode  pixcode--grid  grid\">\n\t\t\n\t<div class=\"grid__item one-twelfth palm-one-whole\">\n\t\t\n<p>&nbsp;<\/p>\n\t<\/div>\n\n\t<div class=\"grid__item five-twelfths palm-one-whole\">\n\t\t<div class=\"promo-box__container\">\n<h4 class=\"et_pb_module et_pb_image et_pb_image_1\" style=\"text-align: center\"> ADRESSE<\/h4>\n<p style=\"text-align: center\">AZ Zeno<br \/>\nCampus Knokke-Heist<br \/>\nKalvekeetdijk 260<br \/>\n8300 Knokke-Heist<br \/>\nCI Knokke +32 (0)50 53 50 30<br \/>\nMCM +32 (0)50 53 30 00<br \/>\nwww.azzeno.be<\/p>\n<\/div>\t<\/div>\n\t<div class=\"grid__item five-twelfths palm-one-whole\">\n\t\t<div class=\"promo-box__container\">\n<h4 class=\"et_pb_module et_pb_image et_pb_image_1\" style=\"text-align: center\">coordinateur<\/h4>\n<p style=\"text-align: center\">Saskia Deklerck<br \/>\nSaskia.Deklerck@azzeno.be<br \/>\n+32 (0)50 53 43 00<br \/>\n+32 (0)50 53 48 62<\/p>\n<\/div>\t<\/div>\n\t<div class=\"grid__item one-twelfth palm-one-whole\">\n\t\t\n<p>&nbsp;<\/p>\n\t<\/div>\n\t<\/div>\n\n<title><\/title>\n\n\n\n\t\t\t\t<\/div>\n\t\t\t\t\t<\/div>\n<\/div>\n\n","protected":false},"excerpt":{"rendered":"","protected":false},"author":1,"featured_media":1292,"parent":0,"menu_order":0,"comment_status":"closed","ping_status":"closed","template":"","meta":{"_monsterinsights_skip_tracking":false,"_monsterinsights_sitenote_active":false,"_monsterinsights_sitenote_note":"","_monsterinsights_sitenote_category":0,"footnotes":""},"class_list":["post-1459","page","type-page","status-publish","has-post-thumbnail","hentry"],"aioseo_notices":[],"_links":{"self":[{"href":"https:\/\/ancaclinic.com\/fr\/wp-json\/wp\/v2\/pages\/1459","targetHints":{"allow":["GET"]}}],"collection":[{"href":"https:\/\/ancaclinic.com\/fr\/wp-json\/wp\/v2\/pages"}],"about":[{"href":"https:\/\/ancaclinic.com\/fr\/wp-json\/wp\/v2\/types\/page"}],"author":[{"embeddable":true,"href":"https:\/\/ancaclinic.com\/fr\/wp-json\/wp\/v2\/users\/1"}],"replies":[{"embeddable":true,"href":"https:\/\/ancaclinic.com\/fr\/wp-json\/wp\/v2\/comments?post=1459"}],"version-history":[{"count":12,"href":"https:\/\/ancaclinic.com\/fr\/wp-json\/wp\/v2\/pages\/1459\/revisions"}],"predecessor-version":[{"id":2558,"href":"https:\/\/ancaclinic.com\/fr\/wp-json\/wp\/v2\/pages\/1459\/revisions\/2558"}],"wp:featuredmedia":[{"embeddable":true,"href":"https:\/\/ancaclinic.com\/fr\/wp-json\/wp\/v2\/media\/1292"}],"wp:attachment":[{"href":"https:\/\/ancaclinic.com\/fr\/wp-json\/wp\/v2\/media?parent=1459"}],"curies":[{"name":"wp","href":"https:\/\/api.w.org\/{rel}","templated":true}]}}